{"id":3848,"date":"2026-04-14T17:09:19","date_gmt":"2026-04-14T15:09:19","guid":{"rendered":"https:\/\/www.luxor-cafe.com\/?post_type=product&#038;p=3848"},"modified":"2026-04-14T17:12:49","modified_gmt":"2026-04-14T15:12:49","slug":"capsule-luxor-samba","status":"publish","type":"product","link":"https:\/\/www.luxor-cafe.com\/?product=capsule-luxor-samba","title":{"rendered":"Capsule LUXOR \u00ab\u00a0SAMBA\u00a0\u00bb"},"content":{"rendered":"<p>Capsules compatibles avec toutes les machines \u00e0 marque Nespresso, \u00e0 usage domestique et \u00e0 utilisation unique (une capsule =une tasse de caf\u00e9)<\/p>\n<p><strong>Paquet de 10 capsules de caf\u00e9 torr\u00e9fi\u00e9 et moulu<\/strong><\/p>\n","protected":false},"excerpt":{"rendered":"<p>Capsules compatibles avec toutes les machines \u00e0 marque Nespresso, \u00e0 usage domestique et \u00e0 utilisation unique (une capsule =une tasse de caf\u00e9) Paquet de 10 capsules de caf\u00e9 torr\u00e9fi\u00e9 et moulu<\/p>\n","protected":false},"featured_media":3849,"comment_status":"open","ping_status":"closed","template":"","meta":[],"product_brand":[],"product_cat":[65],"product_tag":[],"class_list":{"0":"post-3848","1":"product","2":"type-product","3":"status-publish","4":"has-post-thumbnail","6":"product_cat-coffee-capsules","8":"first","9":"instock","10":"taxable","11":"shipping-taxable","12":"product-type-simple"},"jetpack_sharing_enabled":true,"_links":{"self":[{"href":"https:\/\/www.luxor-cafe.com\/index.php?rest_route=\/wp\/v2\/product\/3848","targetHints":{"allow":["GET"]}}],"collection":[{"href":"https:\/\/www.luxor-cafe.com\/index.php?rest_route=\/wp\/v2\/product"}],"about":[{"href":"https:\/\/www.luxor-cafe.com\/index.php?rest_route=\/wp\/v2\/types\/product"}],"replies":[{"embeddable":true,"href":"https:\/\/www.luxor-cafe.com\/index.php?rest_route=%2Fwp%2Fv2%2Fcomments&post=3848"}],"wp:featuredmedia":[{"embeddable":true,"href":"https:\/\/www.luxor-cafe.com\/index.php?rest_route=\/wp\/v2\/media\/3849"}],"wp:attachment":[{"href":"https:\/\/www.luxor-cafe.com\/index.php?rest_route=%2Fwp%2Fv2%2Fmedia&parent=3848"}],"wp:term":[{"taxonomy":"product_brand","embeddable":true,"href":"https:\/\/www.luxor-cafe.com\/index.php?rest_route=%2Fwp%2Fv2%2Fproduct_brand&post=3848"},{"taxonomy":"product_cat","embeddable":true,"href":"https:\/\/www.luxor-cafe.com\/index.php?rest_route=%2Fwp%2Fv2%2Fproduct_cat&post=3848"},{"taxonomy":"product_tag","embeddable":true,"href":"https:\/\/www.luxor-cafe.com\/index.php?rest_route=%2Fwp%2Fv2%2Fproduct_tag&post=3848"}],"curies":[{"name":"wp","href":"https:\/\/api.w.org\/{rel}","templated":true}]}}